{"id":532,"date":"2017-04-25T00:02:48","date_gmt":"2017-04-25T04:02:48","guid":{"rendered":"https:\/\/copelandartiste.com\/?page_id=532"},"modified":"2021-09-05T12:01:45","modified_gmt":"2021-09-05T16:01:45","slug":"events","status":"publish","type":"page","link":"https:\/\/copelandartiste.com\/en\/events\/","title":{"rendered":"Events"},"content":{"rendered":"<ul>\n<li>\n<h1><strong>PERMANENT EXHIBITIONS<\/strong><\/h1>\n<\/li>\n<\/ul>\n<p><img loading=\"lazy\" decoding=\"async\" class=\"wp-image-1061 alignnone\" style=\"font-family: Courier, Helvetica, sans-serif; font-size: 15px; font-style: normal; font-variant-caps: normal;\" src=\"https:\/\/copelandartiste.com\/wp-content\/uploads\/2018\/07\/fullsizeoutput_6196.jpeg\" alt=\"\" width=\"92\" height=\"44\" srcset=\"https:\/\/copelandartiste.com\/wp-content\/uploads\/2018\/07\/fullsizeoutput_6196.jpeg 743w, https:\/\/copelandartiste.com\/wp-content\/uploads\/2018\/07\/fullsizeoutput_6196-300x146.jpeg 300w, https:\/\/copelandartiste.com\/wp-content\/uploads\/2018\/07\/fullsizeoutput_6196-140x68.jpeg 140w, https:\/\/copelandartiste.com\/wp-content\/uploads\/2018\/07\/fullsizeoutput_6196-500x243.jpeg 500w\" sizes=\"auto, (max-width: 92px) 100vw, 92px\" \/><\/p>\n<p>50 Notre-Dame street, ( C\u00f4te de la Montagne corner)Old Quebec, Quebec, Canada \ud83c\udde8\ud83c\udde6<\/p>\n<p>69 rue Saint-Pierre, Vieux-Qu\u00e9bec, Qu\u00e9bec, Canada \ud83c\udde8\ud83c\udde6<\/p>\n<p>\u2014\u2014\u2014\u2014\u2014\u2014\u2014\u2014\u2014\u2014\u2014\u2014\u2014\u2014\u2014\u2014\u2014\u2014\u2014\u2014\u2014\u2014-<\/p>\n<p><em>Shanghai Chine<\/em><strong><em> \ud83c\udde8\ud83c\uddf3<\/em>\u00a0<\/strong><\/p>\n<p><img loading=\"lazy\" decoding=\"async\" class=\"wp-image-2215 alignnone\" src=\"https:\/\/copelandartiste.com\/wp-content\/uploads\/2019\/02\/fullsizeoutput_8555.jpeg\" alt=\"\" width=\"50\" height=\"51\" srcset=\"https:\/\/copelandartiste.com\/wp-content\/uploads\/2019\/02\/fullsizeoutput_8555.jpeg 503w, https:\/\/copelandartiste.com\/wp-content\/uploads\/2019\/02\/fullsizeoutput_8555-150x150.jpeg 150w, https:\/\/copelandartiste.com\/wp-content\/uploads\/2019\/02\/fullsizeoutput_8555-294x300.jpeg 294w, https:\/\/copelandartiste.com\/wp-content\/uploads\/2019\/02\/fullsizeoutput_8555-137x140.jpeg 137w, https:\/\/copelandartiste.com\/wp-content\/uploads\/2019\/02\/fullsizeoutput_8555-500x510.jpeg 500w, https:\/\/copelandartiste.com\/wp-content\/uploads\/2019\/02\/fullsizeoutput_8555-400x400.jpeg 400w, https:\/\/copelandartiste.com\/wp-content\/uploads\/2019\/02\/fullsizeoutput_8555-128x128.jpeg 128w\" sizes=\"auto, (max-width: 50px) 100vw, 50px\" \/><\/p>\n<p>U gallery Concept group, Shanghai<\/p>\n<p>&nbsp;<\/p>\n<p><strong><br \/>\n\u00c9v\u00e9nements Caritatifs<\/strong>:<\/p>\n<ul>\n<li>\n<p><div id=\"attachment_2249\" style=\"width: 760px\" class=\"wp-caption alignleft\"><img loading=\"lazy\" decoding=\"async\" aria-describedby=\"caption-attachment-2249\" class=\"size-full wp-image-2249\" src=\"https:\/\/copelandartiste.com\/wp-content\/uploads\/2019\/03\/IMG_2785.jpeg\" alt=\"Fondation en coeur, Patricia Copeland artiste peintre, Copeland Patricia\" width=\"750\" height=\"395\" srcset=\"https:\/\/copelandartiste.com\/wp-content\/uploads\/2019\/03\/IMG_2785.jpeg 750w, https:\/\/copelandartiste.com\/wp-content\/uploads\/2019\/03\/IMG_2785-300x158.jpeg 300w, https:\/\/copelandartiste.com\/wp-content\/uploads\/2019\/03\/IMG_2785-140x74.jpeg 140w, https:\/\/copelandartiste.com\/wp-content\/uploads\/2019\/03\/IMG_2785-500x263.jpeg 500w\" sizes=\"auto, (max-width: 750px) 100vw, 750px\" \/><p id=\"caption-attachment-2249\" class=\"wp-caption-text\">Fondation en coeur pour les enfants malades du coeur<\/p><\/div><\/li>\n<li><strong>MAY 2019<\/strong> : Annual fundraising event of the Fondation Qu\u00e9b\u00e9coise for children with heart disease. &#8220;Evening in Heart&#8221; <b>&#8220;<\/b>Soir\u00e9e en C\u0153ur&#8221;the 8th \u00a02019 au Grand Quai du port de Montr\u00e9al, under the honorary presidency of<\/li>\n<li><i>Fran\u00e7ois\u00a0Xavier Souvay. Donating\u00a0<\/i><b>&#8220;Joie de Vivre&#8221; <\/b>painting\u00a0(36 x 48 inch)<\/li>\n<li><i><\/i>for the Silent Auction benefiting the children\u2019s heart and stroke fondation.<i>\u00a0<\/i><b><\/b><\/li>\n<li><\/li>\n<\/ul>\n<p>&nbsp;<\/p>\n<h1><\/h1>\n<h3 class=\"evenement_date\"><strong>2017<\/strong><\/h3>\n<ul>\n<li>Permanent Exhibition at the &#8220;Galerie d\u2019art Beauchamp&#8221;,<\/li>\n<li>69 rue St-Pierre, Vieux-Qu\u00e9bec,Qu\u00e9bec,Canada<\/li>\n<li>(Exclusivity <strong>\u2013 QU\u00c9BEC \u2013 CHARLEVOIX \u2013 TORONTO<\/strong>)<\/li>\n<li><\/li>\n<li>-MAY 2017 : Annual fundraising event of the Fondation Qu\u00e9b\u00e9coise for children with heart disease. &#8220;Evening in Heart&#8221; under the honorary presidency of Ms. M\u00e9lanie Dunn, President and Chief Executive Officer of Cossette Canada. Donation of the &#8220;Phoenix&#8221; painting for the Silent Auction benefiting the children\u2019s heart and stroke fondation.<\/li>\n<li><\/li>\n<li>-Collective Exhibition: Elgar Center<\/li>\n<li>Montreal (\u00celes des Soeurs) Canada<\/li>\n<\/ul>\n<h3 class=\"evenement_date\"><\/h3>\n<ul>\n<li>\n<h3><strong>2015-2021<\/strong><\/h3>\n<\/li>\n<li>Permanent Exhibition<\/li>\n<li>at the &#8220;Galerie d\u2019art Beauchamp&#8221;,<\/li>\n<li>69 rue St-Pierre, Vieux-Qu\u00e9bec, Qu\u00e9bec, Canada (Repr\u00e9sentation)<\/li>\n<li><strong>QU\u00c9BEC \u2013 CHARLEVOIX \u2013 TORONTO<\/strong>)<\/li>\n<\/ul>\n<p>&nbsp;<\/p>\n<ul>\n<li><strong>Media coverage :<\/strong> <a href=\"http:\/\/www.joanneboivinblogue.com\/la-passion-a-temps-plein\/\" target=\"_blank\" rel=\"noopener\">Article paru dans le blogue de Joanne Boivin, ao\u00fbt 2016<\/a> (animatrice radio FM 102,9 )<\/li>\n<\/ul>\n<h3><strong>2014-2015<\/strong><\/h3>\n<ul>\n<li>Permanent Exhibit Galerie Baron et Lafreni\u00e8re<\/li>\n<li>Permanent Exhibit Radio-Classique Qu\u00e9bec<\/li>\n<li>Permanent Exhibit Radio-Classique Montr\u00e9al<\/li>\n<li>&#8220;Art Exhibit 2014&#8221; at Espace Arte Vino \u2212 Qu\u00e9bec<\/li>\n<\/ul>\n<p><img loading=\"lazy\" decoding=\"async\" class=\"aligncenter wp-image-148 size-large\" src=\"https:\/\/copelandartiste.com\/wp-content\/uploads\/2016\/09\/Evenement_Arte-Vino-1024x596.jpg\" alt=\"\u00ab Vernissage \u00bb \u00e0 Espace Arte Vino \u2212 Qu\u00e9bec\" width=\"1024\" height=\"596\" srcset=\"https:\/\/copelandartiste.com\/wp-content\/uploads\/2016\/09\/Evenement_Arte-Vino-1024x596.jpg 1024w, https:\/\/copelandartiste.com\/wp-content\/uploads\/2016\/09\/Evenement_Arte-Vino-300x175.jpg 300w, https:\/\/copelandartiste.com\/wp-content\/uploads\/2016\/09\/Evenement_Arte-Vino-768x447.jpg 768w, https:\/\/copelandartiste.com\/wp-content\/uploads\/2016\/09\/Evenement_Arte-Vino-140x82.jpg 140w, https:\/\/copelandartiste.com\/wp-content\/uploads\/2016\/09\/Evenement_Arte-Vino-755x440.jpg 755w, https:\/\/copelandartiste.com\/wp-content\/uploads\/2016\/09\/Evenement_Arte-Vino.jpg 1540w, https:\/\/copelandartiste.com\/wp-content\/uploads\/2016\/09\/Evenement_Arte-Vino-500x291.jpg 500w, https:\/\/copelandartiste.com\/wp-content\/uploads\/2016\/09\/Evenement_Arte-Vino-950x553.jpg 950w\" sizes=\"auto, (max-width: 1024px) 100vw, 1024px\" \/><\/p>\n<h3 class=\"evenement_date\"><strong>2013<\/strong><\/h3>\n<ul>\n<li>Permanent Exhibit Galerie Baron et Lafreni\u00e8re \u2013 Qu\u00e9bec, Qu\u00e9bec. (2013-2015)<\/li>\n<li>Permanent Exhibit Galerie Trafalg\u2019art \u2013 Bromont (2013-2014) For the Eastern Townships<\/li>\n<li>Permanent Exhibit at Radio-Classique Qu\u00e9bec<\/li>\n<\/ul>\n<h3 class=\"evenement_date\"><strong>2012<\/strong><\/h3>\n<ul>\n<li>Permanent Exhibit at Radio-Classique Qu\u00e9bec<\/li>\n<li>&#8220;Collectif&#8221; AARS Exibit at the &#8220;Galerie d\u2019art des Deux-Ponts&#8221;<\/li>\n<li>Presbyt\u00e8re Saint-Nicolas, Exhibit. Qu\u00e9bec<\/li>\n<\/ul>\n<h3 class=\"evenement_date\"><strong>2011<\/strong><\/h3>\n<ul>\n<li>&#8220;Collectif&#8221; Annual Exhibit at the Bor\u00e9art\u2019s members. Centre Exposition Arts Visuels \u2013 Granby, Qu\u00e9bec<\/li>\n<\/ul>\n","protected":false},"excerpt":{"rendered":"<p>PERMANENT EXHIBITIONS 50 Notre-Dame street, ( C\u00f4te de la Montagne corner)Old Quebec, Quebec, Canada \ud83c\udde8\ud83c\udde6 69 rue Saint-Pierre, Vieux-Qu\u00e9bec, Qu\u00e9bec, Canada \ud83c\udde8\ud83c\udde6 \u2014\u2014\u2014\u2014\u2014\u2014\u2014\u2014\u2014\u2014\u2014\u2014\u2014\u2014\u2014\u2014\u2014\u2014\u2014\u2014\u2014\u2014- Shanghai Chine \ud83c\udde8\ud83c\uddf3\u00a0 U gallery Concept group, Shanghai &nbsp; \u00c9v\u00e9nements Caritatifs: MAY 2019 : Annual fundraising event of the Fondation Qu\u00e9b\u00e9coise for children with heart disease. &#8220;Evening in Heart&#8221; &#8220;Soir\u00e9e en C\u0153ur&#8221;the [&hellip;]<\/p>\n","protected":false},"author":5,"featured_media":0,"parent":0,"menu_order":0,"comment_status":"closed","ping_status":"closed","template":"","meta":{"footnotes":""},"class_list":["post-532","page","type-page","status-publish","hentry","odd"],"yoast_head":"<!-- This site is optimized with the Yoast SEO plugin v27.2 - https:\/\/yoast.com\/product\/yoast-seo-wordpress\/ -->\n<title>Events - Copeland Artiste Peintre<\/title>\n<meta name=\"robots\" content=\"index, follow, max-snippet:-1, max-image-preview:large, max-video-preview:-1\" \/>\n<link rel=\"canonical\" href=\"https:\/\/copelandartiste.com\/en\/events\/\" \/>\n<meta property=\"og:locale\" content=\"en_US\" \/>\n<meta property=\"og:type\" content=\"article\" \/>\n<meta property=\"og:title\" content=\"Events - Copeland Artiste Peintre\" \/>\n<meta property=\"og:description\" content=\"PERMANENT EXHIBITIONS 50 Notre-Dame street, ( C\u00f4te de la Montagne corner)Old Quebec, Quebec, Canada \ud83c\udde8\ud83c\udde6 69 rue Saint-Pierre, Vieux-Qu\u00e9bec, Qu\u00e9bec, Canada \ud83c\udde8\ud83c\udde6 \u2014\u2014\u2014\u2014\u2014\u2014\u2014\u2014\u2014\u2014\u2014\u2014\u2014\u2014\u2014\u2014\u2014\u2014\u2014\u2014\u2014\u2014- Shanghai Chine \ud83c\udde8\ud83c\uddf3\u00a0 U gallery Concept group, Shanghai &nbsp; \u00c9v\u00e9nements Caritatifs: MAY 2019 : Annual fundraising event of the Fondation Qu\u00e9b\u00e9coise for children with heart disease. &#8220;Evening in Heart&#8221; &#8220;Soir\u00e9e en C\u0153ur&#8221;the [&hellip;]\" \/>\n<meta property=\"og:url\" content=\"https:\/\/copelandartiste.com\/en\/events\/\" \/>\n<meta property=\"og:site_name\" content=\"Copeland Artiste Peintre\" \/>\n<meta property=\"article:publisher\" content=\"https:\/\/www.facebook.com\/copeland.artiste\" \/>\n<meta property=\"article:modified_time\" content=\"2021-09-05T16:01:45+00:00\" \/>\n<meta property=\"og:image\" content=\"https:\/\/copelandartiste.com\/wp-content\/uploads\/2018\/07\/fullsizeoutput_6196.jpeg\" \/>\n<meta name=\"twitter:card\" content=\"summary_large_image\" \/>\n<meta name=\"twitter:label1\" content=\"Est. reading time\" \/>\n\t<meta name=\"twitter:data1\" content=\"3 minutes\" \/>\n<script type=\"application\/ld+json\" class=\"yoast-schema-graph\">{\"@context\":\"https:\/\/schema.org\",\"@graph\":[{\"@type\":\"WebPage\",\"@id\":\"https:\/\/copelandartiste.com\/en\/events\/\",\"url\":\"https:\/\/copelandartiste.com\/en\/events\/\",\"name\":\"Events - Copeland Artiste Peintre\",\"isPartOf\":{\"@id\":\"https:\/\/copelandartiste.com\/en\/#website\"},\"primaryImageOfPage\":{\"@id\":\"https:\/\/copelandartiste.com\/en\/events\/#primaryimage\"},\"image\":{\"@id\":\"https:\/\/copelandartiste.com\/en\/events\/#primaryimage\"},\"thumbnailUrl\":\"https:\/\/copelandartiste.com\/wp-content\/uploads\/2018\/07\/fullsizeoutput_6196.jpeg\",\"datePublished\":\"2017-04-25T04:02:48+00:00\",\"dateModified\":\"2021-09-05T16:01:45+00:00\",\"breadcrumb\":{\"@id\":\"https:\/\/copelandartiste.com\/en\/events\/#breadcrumb\"},\"inLanguage\":\"en-US\",\"potentialAction\":[{\"@type\":\"ReadAction\",\"target\":[\"https:\/\/copelandartiste.com\/en\/events\/\"]}]},{\"@type\":\"ImageObject\",\"inLanguage\":\"en-US\",\"@id\":\"https:\/\/copelandartiste.com\/en\/events\/#primaryimage\",\"url\":\"https:\/\/copelandartiste.com\/wp-content\/uploads\/2018\/07\/fullsizeoutput_6196.jpeg\",\"contentUrl\":\"https:\/\/copelandartiste.com\/wp-content\/uploads\/2018\/07\/fullsizeoutput_6196.jpeg\"},{\"@type\":\"BreadcrumbList\",\"@id\":\"https:\/\/copelandartiste.com\/en\/events\/#breadcrumb\",\"itemListElement\":[{\"@type\":\"ListItem\",\"position\":1,\"name\":\"Home\",\"item\":\"https:\/\/copelandartiste.com\/en\/\"},{\"@type\":\"ListItem\",\"position\":2,\"name\":\"Events\"}]},{\"@type\":\"WebSite\",\"@id\":\"https:\/\/copelandartiste.com\/en\/#website\",\"url\":\"https:\/\/copelandartiste.com\/en\/\",\"name\":\"Copeland Artiste Peintre\",\"description\":\"Copeland Artiste Peintre\",\"publisher\":{\"@id\":\"https:\/\/copelandartiste.com\/en\/#\/schema\/person\/fe7ceb36462f06247978835626cd6b10\"},\"potentialAction\":[{\"@type\":\"SearchAction\",\"target\":{\"@type\":\"EntryPoint\",\"urlTemplate\":\"https:\/\/copelandartiste.com\/en\/?s={search_term_string}\"},\"query-input\":{\"@type\":\"PropertyValueSpecification\",\"valueRequired\":true,\"valueName\":\"search_term_string\"}}],\"inLanguage\":\"en-US\"},{\"@type\":[\"Person\",\"Organization\"],\"@id\":\"https:\/\/copelandartiste.com\/en\/#\/schema\/person\/fe7ceb36462f06247978835626cd6b10\",\"name\":\"Patricia Copeland\",\"image\":{\"@type\":\"ImageObject\",\"inLanguage\":\"en-US\",\"@id\":\"https:\/\/copelandartiste.com\/wp-content\/uploads\/2023\/05\/Copeland_Patricia_480.webp\",\"url\":\"https:\/\/copelandartiste.com\/wp-content\/uploads\/2023\/05\/Copeland_Patricia_480.webp\",\"contentUrl\":\"https:\/\/copelandartiste.com\/wp-content\/uploads\/2023\/05\/Copeland_Patricia_480.webp\",\"width\":480,\"height\":378,\"caption\":\"Patricia Copeland\"},\"logo\":{\"@id\":\"https:\/\/copelandartiste.com\/wp-content\/uploads\/2023\/05\/Copeland_Patricia_480.webp\"},\"sameAs\":[\"https:\/\/www.facebook.com\/copeland.artiste\"]}]}<\/script>\n<!-- \/ Yoast SEO plugin. -->","yoast_head_json":{"title":"Events - Copeland Artiste Peintre","robots":{"index":"index","follow":"follow","max-snippet":"max-snippet:-1","max-image-preview":"max-image-preview:large","max-video-preview":"max-video-preview:-1"},"canonical":"https:\/\/copelandartiste.com\/en\/events\/","og_locale":"en_US","og_type":"article","og_title":"Events - Copeland Artiste Peintre","og_description":"PERMANENT EXHIBITIONS 50 Notre-Dame street, ( C\u00f4te de la Montagne corner)Old Quebec, Quebec, Canada \ud83c\udde8\ud83c\udde6 69 rue Saint-Pierre, Vieux-Qu\u00e9bec, Qu\u00e9bec, Canada \ud83c\udde8\ud83c\udde6 \u2014\u2014\u2014\u2014\u2014\u2014\u2014\u2014\u2014\u2014\u2014\u2014\u2014\u2014\u2014\u2014\u2014\u2014\u2014\u2014\u2014\u2014- Shanghai Chine \ud83c\udde8\ud83c\uddf3\u00a0 U gallery Concept group, Shanghai &nbsp; \u00c9v\u00e9nements Caritatifs: MAY 2019 : Annual fundraising event of the Fondation Qu\u00e9b\u00e9coise for children with heart disease. &#8220;Evening in Heart&#8221; &#8220;Soir\u00e9e en C\u0153ur&#8221;the [&hellip;]","og_url":"https:\/\/copelandartiste.com\/en\/events\/","og_site_name":"Copeland Artiste Peintre","article_publisher":"https:\/\/www.facebook.com\/copeland.artiste","article_modified_time":"2021-09-05T16:01:45+00:00","og_image":[{"url":"https:\/\/copelandartiste.com\/wp-content\/uploads\/2018\/07\/fullsizeoutput_6196.jpeg","type":"","width":"","height":""}],"twitter_card":"summary_large_image","twitter_misc":{"Est. reading time":"3 minutes"},"schema":{"@context":"https:\/\/schema.org","@graph":[{"@type":"WebPage","@id":"https:\/\/copelandartiste.com\/en\/events\/","url":"https:\/\/copelandartiste.com\/en\/events\/","name":"Events - Copeland Artiste Peintre","isPartOf":{"@id":"https:\/\/copelandartiste.com\/en\/#website"},"primaryImageOfPage":{"@id":"https:\/\/copelandartiste.com\/en\/events\/#primaryimage"},"image":{"@id":"https:\/\/copelandartiste.com\/en\/events\/#primaryimage"},"thumbnailUrl":"https:\/\/copelandartiste.com\/wp-content\/uploads\/2018\/07\/fullsizeoutput_6196.jpeg","datePublished":"2017-04-25T04:02:48+00:00","dateModified":"2021-09-05T16:01:45+00:00","breadcrumb":{"@id":"https:\/\/copelandartiste.com\/en\/events\/#breadcrumb"},"inLanguage":"en-US","potentialAction":[{"@type":"ReadAction","target":["https:\/\/copelandartiste.com\/en\/events\/"]}]},{"@type":"ImageObject","inLanguage":"en-US","@id":"https:\/\/copelandartiste.com\/en\/events\/#primaryimage","url":"https:\/\/copelandartiste.com\/wp-content\/uploads\/2018\/07\/fullsizeoutput_6196.jpeg","contentUrl":"https:\/\/copelandartiste.com\/wp-content\/uploads\/2018\/07\/fullsizeoutput_6196.jpeg"},{"@type":"BreadcrumbList","@id":"https:\/\/copelandartiste.com\/en\/events\/#breadcrumb","itemListElement":[{"@type":"ListItem","position":1,"name":"Home","item":"https:\/\/copelandartiste.com\/en\/"},{"@type":"ListItem","position":2,"name":"Events"}]},{"@type":"WebSite","@id":"https:\/\/copelandartiste.com\/en\/#website","url":"https:\/\/copelandartiste.com\/en\/","name":"Copeland Artiste Peintre","description":"Copeland Artiste Peintre","publisher":{"@id":"https:\/\/copelandartiste.com\/en\/#\/schema\/person\/fe7ceb36462f06247978835626cd6b10"},"potentialAction":[{"@type":"SearchAction","target":{"@type":"EntryPoint","urlTemplate":"https:\/\/copelandartiste.com\/en\/?s={search_term_string}"},"query-input":{"@type":"PropertyValueSpecification","valueRequired":true,"valueName":"search_term_string"}}],"inLanguage":"en-US"},{"@type":["Person","Organization"],"@id":"https:\/\/copelandartiste.com\/en\/#\/schema\/person\/fe7ceb36462f06247978835626cd6b10","name":"Patricia Copeland","image":{"@type":"ImageObject","inLanguage":"en-US","@id":"https:\/\/copelandartiste.com\/wp-content\/uploads\/2023\/05\/Copeland_Patricia_480.webp","url":"https:\/\/copelandartiste.com\/wp-content\/uploads\/2023\/05\/Copeland_Patricia_480.webp","contentUrl":"https:\/\/copelandartiste.com\/wp-content\/uploads\/2023\/05\/Copeland_Patricia_480.webp","width":480,"height":378,"caption":"Patricia Copeland"},"logo":{"@id":"https:\/\/copelandartiste.com\/wp-content\/uploads\/2023\/05\/Copeland_Patricia_480.webp"},"sameAs":["https:\/\/www.facebook.com\/copeland.artiste"]}]}},"_links":{"self":[{"href":"https:\/\/copelandartiste.com\/en\/wp-json\/wp\/v2\/pages\/532","targetHints":{"allow":["GET"]}}],"collection":[{"href":"https:\/\/copelandartiste.com\/en\/wp-json\/wp\/v2\/pages"}],"about":[{"href":"https:\/\/copelandartiste.com\/en\/wp-json\/wp\/v2\/types\/page"}],"author":[{"embeddable":true,"href":"https:\/\/copelandartiste.com\/en\/wp-json\/wp\/v2\/users\/5"}],"replies":[{"embeddable":true,"href":"https:\/\/copelandartiste.com\/en\/wp-json\/wp\/v2\/comments?post=532"}],"version-history":[{"count":0,"href":"https:\/\/copelandartiste.com\/en\/wp-json\/wp\/v2\/pages\/532\/revisions"}],"wp:attachment":[{"href":"https:\/\/copelandartiste.com\/en\/wp-json\/wp\/v2\/media?parent=532"}],"curies":[{"name":"wp","href":"https:\/\/api.w.org\/{rel}","templated":true}]}}